{"id":2557,"date":"2022-04-20T11:02:42","date_gmt":"2022-04-20T11:02:42","guid":{"rendered":"https:\/\/b2b.h2greentech.eu\/organi\/"},"modified":"2022-08-12T09:56:08","modified_gmt":"2022-08-12T09:56:08","slug":"management","status":"publish","type":"page","link":"https:\/\/b2b.h2greentech.eu\/de\/management\/","title":{"rendered":"Management"},"content":{"rendered":"\t\t<div data-elementor-type=\"wp-page\" data-elementor-id=\"2557\" class=\"elementor elementor-2557 elementor-939\">\n\t\t\t\t\t\t\t\t\t<section class=\"elementor-section elementor-top-section elementor-element elementor-element-1df84c3f povezave elementor-section-boxed elementor-section-height-default elementor-section-height-default\" data-id=\"1df84c3f\" data-element_type=\"section\" data-settings=\"{&quot;background_background&quot;:&quot;classic&quot;}\">\n\t\t\t\t\t\t<div class=\"elementor-container elementor-column-gap-wider\">\n\t\t\t\t\t<div class=\"elementor-column elementor-col-50 elementor-top-column elementor-element elementor-element-7c1949e7\" data-id=\"7c1949e7\" data-element_type=\"column\">\n\t\t\t<div class=\"elementor-widget-wrap elementor-element-populated\">\n\t\t\t\t\t\t\t\t<div class=\"elementor-element elementor-element-59321fbe elementor-widget elementor-widget-heading\" data-id=\"59321fbe\" data-element_type=\"widget\" data-widget_type=\"heading.default\">\n\t\t\t\t<div class=\"elementor-widget-container\">\n\t\t\t<style>\/*! elementor - v3.6.7 - 03-07-2022 *\/\n.elementor-heading-title{padding:0;margin:0;line-height:1}.elementor-widget-heading .elementor-heading-title[class*=elementor-size-]>a{color:inherit;font-size:inherit;line-height:inherit}.elementor-widget-heading .elementor-heading-title.elementor-size-small{font-size:15px}.elementor-widget-heading .elementor-heading-title.elementor-size-medium{font-size:19px}.elementor-widget-heading .elementor-heading-title.elementor-size-large{font-size:29px}.elementor-widget-heading .elementor-heading-title.elementor-size-xl{font-size:39px}.elementor-widget-heading .elementor-heading-title.elementor-size-xxl{font-size:59px}<\/style><h2 class=\"elementor-heading-title elementor-size-default\">ORGANISATIONSSTRUKTUR DES WASSERSTOFFZENTRUMS:<\/h2>\t\t<\/div>\n\t\t\t\t<\/div>\n\t\t\t\t<div class=\"elementor-element elementor-element-527cadcd elementor-widget elementor-widget-text-editor\" data-id=\"527cadcd\" data-element_type=\"widget\" data-widget_type=\"text-editor.default\">\n\t\t\t\t<div class=\"elementor-widget-container\">\n\t\t\t<style>\/*! elementor - v3.6.7 - 03-07-2022 *\/\n.elementor-widget-text-editor.elementor-drop-cap-view-stacked .elementor-drop-cap{background-color:#818a91;color:#fff}.elementor-widget-text-editor.elementor-drop-cap-view-framed .elementor-drop-cap{color:#818a91;border:3px solid;background-color:transparent}.elementor-widget-text-editor:not(.elementor-drop-cap-view-default) .elementor-drop-cap{margin-top:8px}.elementor-widget-text-editor:not(.elementor-drop-cap-view-default) .elementor-drop-cap-letter{width:1em;height:1em}.elementor-widget-text-editor .elementor-drop-cap{float:left;text-align:center;line-height:1;font-size:50px}.elementor-widget-text-editor .elementor-drop-cap-letter{display:inline-block}<\/style>\t\t\t\t<h2>GESCH\u00c4FTSF\u00dcHRUNG:<\/h2><p><strong>Pr\u00e4sident: prof. dr. Bla\u017e Likozar,<\/strong>\u00a0Institut f\u00fcr Chemie, Slowenien<br \/>E-Mail: <a href=\"mailto:blaz.likozar@ki.si\">blaz.likozar@ki.si<\/a><\/p><p>Vizepr\u00e4sident: dr. Viktor Hacker, TU GRAZ, \u00d6sterreich<br \/>E-Mail: <a href=\"mailto:viktor.hacker@tugraz.at\">viktor.hacker@tugraz.at<\/a><\/p><h2><strong>KOORDINATOREN:<\/strong><\/h2><p>Ale\u0161 Kegl, \u0160tajerska gospodarska zbornica (Steirisch slowenische Wirtschaftskammer), Slowenien<br \/>E-Mail: <a href=\"mailto:ales.kegl@stajerskagz.si\">ales.kegl@stajerskagz.si<\/a><\/p><p>Petra Props, Institut f\u00fcr Chemie, Slowenien<br \/>E-Mail: \u00a0<a href=\"mailto:petra.props@ki.si\">petra.props@ki.si<\/a><\/p><h2 style=\"margin-bottom: 0cm; line-height: 150%; background-image: initial; background-position: initial; background-size: initial; background-repeat: initial; background-attachment: initial; background-origin: initial; background-clip: initial;\"><strong><span lang=\"SL\" style=\"mso-fareast-font-family: 'Times New Roman'; mso-bidi-font-family: Calibri; mso-bidi-theme-font: minor-latin; color: black; mso-color-alt: windowtext; mso-fareast-language: SL;\">PROFESSIONELLE UNTERST\u00dcTZUNGSPUNKTE:<\/span><\/strong><b><\/b><\/h2><p style=\"margin-bottom: 0cm; line-height: 150%; background-image: initial; background-position: initial; background-size: initial; background-repeat: initial; background-attachment: initial; background-origin: initial; background-clip: initial;\">Institut f\u00fcr Chemie, Ljubljana, Slowenien<br \/>Kontakt: prof. dr. Bla\u017e Likozar<br \/>E-Mail: <a href=\"mailto:blaz.likozar@ki.si\">blaz.likozar@ki.si<\/a><\/p><p style=\"margin-bottom: 0cm; line-height: 150%; background-image: initial; background-position: initial; background-size: initial; background-repeat: initial; background-attachment: initial; background-origin: initial; background-clip: initial;\"><span lang=\"SL\">\u00a0<\/span><\/p><p style=\"margin-bottom: 0cm; line-height: 150%; background-image: initial; background-position: initial; background-size: initial; background-repeat: initial; background-attachment: initial; background-origin: initial; background-clip: initial;\">TU GRAZ, Graz, \u00d6sterreich<br \/>Kontakt: prof. dr. Viktor Hacker<br \/>E-po\u0161ta: <a href=\"mailto:viktor.hacker@tugraz.at\">viktor.hacker@tugraz.at<\/a><\/p><p style=\"margin-bottom: 0cm; line-height: 150%; background-image: initial; background-position: initial; background-size: initial; background-repeat: initial; background-attachment: initial; background-origin: initial; background-clip: initial;\"><span lang=\"SL\">\u00a0<\/span><\/p><p style=\"margin-bottom: 0cm; line-height: 150%; background-image: initial; background-position: initial; background-size: initial; background-repeat: initial; background-attachment: initial; background-origin: initial; background-clip: initial;\">FH K\u00e4rnten, Villach, \u00d6sterreich<br \/>Kontakt: dr. Claudia Pacher, dipl. ing.<br \/>E-po\u0161ta: <a href=\"mailto:forschung@fh-kaernten.at\">forschung@fh-kaernten.at<\/a><\/p>\t\t\t\t\t\t<\/div>\n\t\t\t\t<\/div>\n\t\t\t\t\t<\/div>\n\t\t<\/div>\n\t\t\t\t<div class=\"elementor-column elementor-col-50 elementor-top-column elementor-element elementor-element-5b1e2026\" data-id=\"5b1e2026\" data-element_type=\"column\">\n\t\t\t<div class=\"elementor-widget-wrap elementor-element-populated\">\n\t\t\t\t\t\t\t\t<div class=\"elementor-element elementor-element-5ec4535 elementor-widget elementor-widget-text-editor\" data-id=\"5ec4535\" data-element_type=\"widget\" data-widget_type=\"text-editor.default\">\n\t\t\t\t<div class=\"elementor-widget-container\">\n\t\t\t\t\t\t\t<h1>KONTAKTE ZU PARTNERN DES H2GreenTECH PROJEKTS:<\/h1>\n<p>\u0160tajerska gospodarska zbornica (Steirisch slowenische Wirtschaftskammer)<br>Ulica talcev 24, 2000 Maribor, Slowenien<\/p>\n<p>Kontakt: Ale\u0161 Kegl<br>E-po\u0161ta: <a href=\"mailto:ales.kegl@stajerskagz.si\">ales.kegl@stajerskagz.si<\/a><\/p>\n<p><span style=\"font-size: 16px; font-style: normal; font-weight: 400;\">HYDROGEN CENTER<\/span><\/p>\n<p>E-Mail: <a href=\"mailto:hydrogencenter@stajerskagz.si\">hydrogencenter@stajerskagz.si<\/a><br>Tel.: +386 2 220 87 00<\/p>\n<p>Institut f\u00fcr Chemie<br>Hajdrihova 19, 1000 Ljubljana, Slowenien<br>Kontakt: Petra Props<br>E-Mail: <a href=\"mailto:petra.props@ki.si\">petra.props@ki.si<\/a><\/p>\n<p>Ministerium f\u00fcr Bildung, Wissenschaft und Sport<br>Masarykova cesta 16, 1000 Ljubljana, Slowenien<br>Kontakt: Dr. Peter Kumer<br>E-Mail: <a href=\"mailto:peter.kumer@gov.si\">peter.kumer@gov.si<\/a><\/p>\n<p>TU GRAZ<br>Inffeldgasse 25\/C\/IV, 8010 Graz, \u00d6sterreich<br>Kontakt: prof. dr. Viktor Hacker<br>E-Mail: <a href=\"mailto:viktor.hacker@tugraz.at\">viktor.hacker@tugraz.at<\/a><\/p>\n<p>Forschung Burgenland<br>Steinamangerstra\u00dfe 21, A-7423 Pinkafeld, \u00d6sterreich<br>Kontakt: Marion Sch\u00f6nfeldinger, dipl. ing.<br>E-Mail: <a href=\"mailto:marion.schoenfeldinger@forschung-burgenland.at\">marion.schoenfeldinger@forschung-burgenland.at<\/a><\/p>\n<p>FH Karnten<br>Europastrasse 4, 9524 Villach, \u00d6sterreich<br>Kontakt: dr. Claudia Pacher, dipl. ing.<br>E-Mail: <a href=\"mailto:forschung@fh-kaernten.at\">forschung@fh-kaernten.a<\/a><\/p>\t\t\t\t\t\t<\/div>\n\t\t\t\t<\/div>\n\t\t\t\t\t<\/div>\n\t\t<\/div>\n\t\t\t\t\t\t\t<\/div>\n\t\t<\/section>\n\t\t\t\t\t\t\t<\/div>\n\t\t","protected":false},"excerpt":{"rendered":"<p>ORGANISATIONSSTRUKTUR DES WASSERSTOFFZENTRUMS: GESCH\u00c4FTSF\u00dcHRUNG: Pr\u00e4sident: prof. dr. Bla\u017e Likozar,\u00a0Institut f\u00fcr Chemie, SlowenienE-Mail: blaz.likozar@ki.si Vizepr\u00e4sident: dr. Viktor Hacker, TU GRAZ, \u00d6sterreichE-Mail: viktor.hacker@tugraz.at KOORDINATOREN: Ale\u0161 Kegl, \u0160tajerska gospodarska zbornica (Steirisch slowenische Wirtschaftskammer), SlowenienE-Mail: ales.kegl@stajerskagz.si Petra Props, Institut f\u00fcr Chemie, SlowenienE-Mail: \u00a0petra.props@ki.si PROFESSIONELLE UNTERST\u00dcTZUNGSPUNKTE: Institut f\u00fcr Chemie, Ljubljana, SlowenienKontakt: prof. dr. Bla\u017e LikozarE-Mail: blaz.likozar@ki.si \u00a0 TU GRAZ, Graz, &hellip;<\/p>\n<p class=\"read-more\"> <a class=\"\" href=\"https:\/\/b2b.h2greentech.eu\/de\/management\/\"> <span class=\"screen-reader-text\">Management<\/span> Weiterlesen &raquo;<\/a><\/p>\n","protected":false},"author":1,"featured_media":0,"parent":0,"menu_order":0,"comment_status":"closed","ping_status":"closed","template":"","meta":{"_eb_attr":"","inline_featured_image":false,"site-sidebar-layout":"no-sidebar","site-content-layout":"page-builder","ast-global-header-display":"","ast-main-header-display":"","ast-hfb-above-header-display":"","ast-hfb-below-header-display":"","ast-hfb-mobile-header-display":"","site-post-title":"disabled","ast-breadcrumbs-content":"","ast-featured-img":"disabled","footer-sml-layout":"","theme-transparent-header-meta":"","adv-header-id-meta":"","stick-header-meta":"","header-above-stick-meta":"","header-main-stick-meta":"","header-below-stick-meta":"","footnotes":""},"class_list":["post-2557","page","type-page","status-publish","hentry"],"_links":{"self":[{"href":"https:\/\/b2b.h2greentech.eu\/de\/wp-json\/wp\/v2\/pages\/2557","targetHints":{"allow":["GET"]}}],"collection":[{"href":"https:\/\/b2b.h2greentech.eu\/de\/wp-json\/wp\/v2\/pages"}],"about":[{"href":"https:\/\/b2b.h2greentech.eu\/de\/wp-json\/wp\/v2\/types\/page"}],"author":[{"embeddable":true,"href":"https:\/\/b2b.h2greentech.eu\/de\/wp-json\/wp\/v2\/users\/1"}],"replies":[{"embeddable":true,"href":"https:\/\/b2b.h2greentech.eu\/de\/wp-json\/wp\/v2\/comments?post=2557"}],"version-history":[{"count":37,"href":"https:\/\/b2b.h2greentech.eu\/de\/wp-json\/wp\/v2\/pages\/2557\/revisions"}],"predecessor-version":[{"id":2874,"href":"https:\/\/b2b.h2greentech.eu\/de\/wp-json\/wp\/v2\/pages\/2557\/revisions\/2874"}],"wp:attachment":[{"href":"https:\/\/b2b.h2greentech.eu\/de\/wp-json\/wp\/v2\/media?parent=2557"}],"curies":[{"name":"wp","href":"https:\/\/api.w.org\/{rel}","templated":true}]}}