{"id":2544,"date":"2022-04-19T07:05:17","date_gmt":"2022-04-19T07:05:17","guid":{"rendered":"https:\/\/b2b.h2greentech.eu\/predstavitev-projekta\/"},"modified":"2022-07-23T15:41:33","modified_gmt":"2022-07-23T15:41:33","slug":"projektpraesentation","status":"publish","type":"page","link":"https:\/\/b2b.h2greentech.eu\/de\/projektpraesentation\/","title":{"rendered":"Projektpr\u00e4sentation"},"content":{"rendered":"\t\t<div data-elementor-type=\"wp-page\" data-elementor-id=\"2544\" class=\"elementor elementor-2544 elementor-643\">\n\t\t\t\t\t\t\t\t\t<section class=\"elementor-section elementor-top-section elementor-element elementor-element-d3eacc7 elementor-section-boxed elementor-section-height-default elementor-section-height-default\" data-id=\"d3eacc7\" data-element_type=\"section\" data-settings=\"{&quot;background_background&quot;:&quot;classic&quot;}\">\n\t\t\t\t\t\t<div class=\"elementor-container elementor-column-gap-extended\">\n\t\t\t\t\t<div class=\"elementor-column elementor-col-50 elementor-top-column elementor-element elementor-element-e977237\" data-id=\"e977237\" data-element_type=\"column\">\n\t\t\t<div class=\"elementor-widget-wrap elementor-element-populated\">\n\t\t\t\t\t\t\t\t<div class=\"elementor-element elementor-element-6ba8054 elementor-widget elementor-widget-heading\" data-id=\"6ba8054\" data-element_type=\"widget\" data-widget_type=\"heading.default\">\n\t\t\t\t<div class=\"elementor-widget-container\">\n\t\t\t<style>\/*! elementor - v3.6.7 - 03-07-2022 *\/\n.elementor-heading-title{padding:0;margin:0;line-height:1}.elementor-widget-heading .elementor-heading-title[class*=elementor-size-]>a{color:inherit;font-size:inherit;line-height:inherit}.elementor-widget-heading .elementor-heading-title.elementor-size-small{font-size:15px}.elementor-widget-heading .elementor-heading-title.elementor-size-medium{font-size:19px}.elementor-widget-heading .elementor-heading-title.elementor-size-large{font-size:29px}.elementor-widget-heading .elementor-heading-title.elementor-size-xl{font-size:39px}.elementor-widget-heading .elementor-heading-title.elementor-size-xxl{font-size:59px}<\/style><h2 class=\"elementor-heading-title elementor-size-default\">ZWECK DES GRENZ\u00dcBERSCHREITENDEN NETZES DES HYDROGEN CENTER<\/h2>\t\t<\/div>\n\t\t\t\t<\/div>\n\t\t\t\t<div class=\"elementor-element elementor-element-4794571 elementor-widget elementor-widget-text-editor\" data-id=\"4794571\" data-element_type=\"widget\" data-widget_type=\"text-editor.default\">\n\t\t\t\t<div class=\"elementor-widget-container\">\n\t\t\t<style>\/*! elementor - v3.6.7 - 03-07-2022 *\/\n.elementor-widget-text-editor.elementor-drop-cap-view-stacked .elementor-drop-cap{background-color:#818a91;color:#fff}.elementor-widget-text-editor.elementor-drop-cap-view-framed .elementor-drop-cap{color:#818a91;border:3px solid;background-color:transparent}.elementor-widget-text-editor:not(.elementor-drop-cap-view-default) .elementor-drop-cap{margin-top:8px}.elementor-widget-text-editor:not(.elementor-drop-cap-view-default) .elementor-drop-cap-letter{width:1em;height:1em}.elementor-widget-text-editor .elementor-drop-cap{float:left;text-align:center;line-height:1;font-size:50px}.elementor-widget-text-editor .elementor-drop-cap-letter{display:inline-block}<\/style>\t\t\t\t<p>Viele hochmoderne Forschungs- und Entwicklungseinrichtungen und Universit\u00e4ten sind in der grenz\u00fcberschreitenden Region Slowenien-\u00d6sterreich an der Entwicklung von Wasserstofftechnologien beteiligt, jedoch oft unzusammenh\u00e4ngend und fragmentiert.<\/p><p>Um die Zusammenarbeit und Integration zu vertiefen und die kritische Masse an Kapazit\u00e4ten im Bereich Wasserstoff und Wasserstofftechnologien zu st\u00e4rken, wurde mit dem <strong>HYDROGEN CENTER<\/strong> ein nachhaltiges grenz\u00fcberschreitendes Forschungs-Industrie-Netzwerk aufgebaut.<\/p>\t\t\t\t\t\t<\/div>\n\t\t\t\t<\/div>\n\t\t\t\t\t<\/div>\n\t\t<\/div>\n\t\t\t\t<div class=\"elementor-column elementor-col-50 elementor-top-column elementor-element elementor-element-98a14df elementor-hidden-tablet elementor-hidden-mobile\" data-id=\"98a14df\" data-element_type=\"column\">\n\t\t\t<div class=\"elementor-widget-wrap elementor-element-populated\">\n\t\t\t\t\t\t\t\t<div class=\"elementor-element elementor-element-0f5bba2 elementor-widget elementor-widget-image\" data-id=\"0f5bba2\" data-element_type=\"widget\" data-widget_type=\"image.default\">\n\t\t\t\t<div class=\"elementor-widget-container\">\n\t\t\t<style>\/*! elementor - v3.6.7 - 03-07-2022 *\/\n.elementor-widget-image{text-align:center}.elementor-widget-image a{display:inline-block}.elementor-widget-image a img[src$=\".svg\"]{width:48px}.elementor-widget-image img{vertical-align:middle;display:inline-block}<\/style>\t\t\t\t\t\t\t\t\t\t\t\t<img loading=\"lazy\" decoding=\"async\" width=\"512\" height=\"512\" src=\"https:\/\/b2b.h2greentech.eu\/wp-content\/uploads\/2022\/04\/fav1.png\" class=\"attachment-large size-large\" alt=\"\" srcset=\"https:\/\/b2b.h2greentech.eu\/wp-content\/uploads\/2022\/04\/fav1.png 512w, https:\/\/b2b.h2greentech.eu\/wp-content\/uploads\/2022\/04\/fav1-300x300.png 300w, https:\/\/b2b.h2greentech.eu\/wp-content\/uploads\/2022\/04\/fav1-150x150.png 150w\" sizes=\"auto, (max-width: 512px) 100vw, 512px\" \/>\t\t\t\t\t\t\t\t\t\t\t\t\t\t\t<\/div>\n\t\t\t\t<\/div>\n\t\t\t\t\t<\/div>\n\t\t<\/div>\n\t\t\t\t\t\t\t<\/div>\n\t\t<\/section>\n\t\t\t\t<section class=\"elementor-section elementor-top-section elementor-element elementor-element-ca5a66b elementor-section-full_width elementor-section-height-default elementor-section-height-default\" data-id=\"ca5a66b\" data-element_type=\"section\" data-settings=\"{&quot;background_background&quot;:&quot;classic&quot;}\">\n\t\t\t\t\t\t<div class=\"elementor-container elementor-column-gap-no\">\n\t\t\t\t\t<div class=\"elementor-column elementor-col-50 elementor-top-column elementor-element elementor-element-f7195e9\" data-id=\"f7195e9\" data-element_type=\"column\" data-settings=\"{&quot;background_background&quot;:&quot;classic&quot;}\">\n\t\t\t<div class=\"elementor-widget-wrap elementor-element-populated\">\n\t\t\t\t\t\t\t\t<div class=\"elementor-element elementor-element-6f489f5 elementor-widget elementor-widget-spacer\" data-id=\"6f489f5\" data-element_type=\"widget\" data-widget_type=\"spacer.default\">\n\t\t\t\t<div class=\"elementor-widget-container\">\n\t\t\t<style>\/*! elementor - v3.6.7 - 03-07-2022 *\/\n.e-container.e-container--row .elementor-spacer-inner{width:var(--spacer-size)}.e-container.e-container--column .elementor-spacer-inner,.elementor-column .elementor-spacer-inner{height:var(--spacer-size)}<\/style>\t\t<div class=\"elementor-spacer\">\n\t\t\t<div class=\"elementor-spacer-inner\"><\/div>\n\t\t<\/div>\n\t\t\t\t<\/div>\n\t\t\t\t<\/div>\n\t\t\t\t\t<\/div>\n\t\t<\/div>\n\t\t\t\t<div class=\"elementor-column elementor-col-50 elementor-top-column elementor-element elementor-element-9959df4\" data-id=\"9959df4\" data-element_type=\"column\">\n\t\t\t<div class=\"elementor-widget-wrap elementor-element-populated\">\n\t\t\t\t\t\t\t\t<div class=\"elementor-element elementor-element-7643ce5 elementor-widget elementor-widget-heading\" data-id=\"7643ce5\" data-element_type=\"widget\" data-widget_type=\"heading.default\">\n\t\t\t\t<div class=\"elementor-widget-container\">\n\t\t\t<h2 class=\"elementor-heading-title elementor-size-default\">HYDROGEN CENTER: DIGITALE PLATTFORM F\u00dcR B2B-MEETINGS<\/h2>\t\t<\/div>\n\t\t\t\t<\/div>\n\t\t\t\t<div class=\"elementor-element elementor-element-4f8a205 elementor-widget elementor-widget-text-editor\" data-id=\"4f8a205\" data-element_type=\"widget\" data-widget_type=\"text-editor.default\">\n\t\t\t\t<div class=\"elementor-widget-container\">\n\t\t\t\t\t\t\t<p>Das HYDROGEN CENTER ist eine digitale Plattform f\u00fcr B2B-Meetings und gleichzeitig ein \u201eOne-Stop-Shop\u201c, der Unternehmen Zugang zu Services, Spitzenwissen und der Forschungsinfrastruktur von Forschungszentren verschafft.<\/p><p>Eine solche Zusammenarbeit ist die Grundlage f\u00fcr die F\u00f6rderung des Wachstums und der Entwicklung kohlenstoffarmer Technologien, den Wissenstransfer an junge Menschen und den \u00dcbergang zu einer kohlenstofffreien Gesellschaft.<\/p><p>Ziel ist es daher, verschiedene Akteure im Bereich Wasserstofftechnologien in Slowenien und \u00d6sterreich in einem langfristigen grenz\u00fcberschreitenden Forschungs- und Industrienetzwerk zu verbinden, um die Entwicklung von Innovationen im Bereich Wasserstofftechnologien sowie die Umsetzung des Aktionsplans f\u00fcr die Entwicklung und F\u00f6rderung von Wasserstofftechnologien in Slowenien und \u00d6sterreich voranzutreiben und die Entwicklungs- und Marketingstrategie des HYDROGEN CENTER umzusetzen.<\/p>\t\t\t\t\t\t<\/div>\n\t\t\t\t<\/div>\n\t\t\t\t\t<\/div>\n\t\t<\/div>\n\t\t\t\t\t\t\t<\/div>\n\t\t<\/section>\n\t\t\t\t<section class=\"elementor-section elementor-top-section elementor-element elementor-element-aa1a104 elementor-section-full_width elementor-section-height-default elementor-section-height-default\" data-id=\"aa1a104\" data-element_type=\"section\" data-settings=\"{&quot;background_background&quot;:&quot;classic&quot;}\">\n\t\t\t\t\t\t<div class=\"elementor-container elementor-column-gap-no\">\n\t\t\t\t\t<div class=\"elementor-column elementor-col-50 elementor-top-column elementor-element elementor-element-120ebbb\" data-id=\"120ebbb\" data-element_type=\"column\">\n\t\t\t<div class=\"elementor-widget-wrap elementor-element-populated\">\n\t\t\t\t\t\t\t\t<div class=\"elementor-element elementor-element-7ef3127 elementor-widget elementor-widget-heading\" data-id=\"7ef3127\" data-element_type=\"widget\" data-widget_type=\"heading.default\">\n\t\t\t\t<div class=\"elementor-widget-container\">\n\t\t\t<h2 class=\"elementor-heading-title elementor-size-default\">Mitgliedschaft im HYDROGEN-CENTER-Netzwerk<\/h2>\t\t<\/div>\n\t\t\t\t<\/div>\n\t\t\t\t<div class=\"elementor-element elementor-element-b5beadb elementor-widget elementor-widget-text-editor\" data-id=\"b5beadb\" data-element_type=\"widget\" data-widget_type=\"text-editor.default\">\n\t\t\t\t<div class=\"elementor-widget-container\">\n\t\t\t\t\t\t\t<p>Die Mitgliedschaft im HYDROGEN-CENTER-Netzwerk ist kostenlos und steht verschiedenen potenziellen Stakeholder offen, darunter KMUs und gr\u00f6\u00dfere Unternehmen, F&amp;E-Organisationen mit ihren Laboren, Kompetenzzentren, Bildungseinrichtungen, Start-ups, Forschende, Studierende und andere Personen aus dem Programmbereich, die mit ihrer Expertise, ihren Forschungs- und Entwicklungsarbeiten, Kenntnissen, F\u00e4higkeiten und Erfahrungen ma\u00dfgeblich zur Entwicklung bahnbrechender Wasserstofftechnologien beitragen und ihre Nutzung in der grenz\u00fcberschreitenden Region und dar\u00fcber hinaus voranbringen.<\/p><p>Das HYDROGEN CENTER wird von der \u0160tajerska gospodarska zbornica (Steirisch slowenische Wirtschaftskammer) koordiniert und arbeitet mit unterst\u00fctzenden Labors an folgenden Standorten zusammen: Ljubljana \u2013 Institut f\u00fcr Chemie; Graz \u2013 Technische Universit\u00e4t Graz; Villach \u2013 Fachhochschule K\u00e4rnten.<\/p>\t\t\t\t\t\t<\/div>\n\t\t\t\t<\/div>\n\t\t\t\t\t<\/div>\n\t\t<\/div>\n\t\t\t\t<div class=\"elementor-column elementor-col-50 elementor-top-column elementor-element elementor-element-98db6c1\" data-id=\"98db6c1\" data-element_type=\"column\" data-settings=\"{&quot;background_background&quot;:&quot;classic&quot;}\">\n\t\t\t<div class=\"elementor-widget-wrap elementor-element-populated\">\n\t\t\t\t\t\t\t\t<div class=\"elementor-element elementor-element-551a76c elementor-widget elementor-widget-spacer\" data-id=\"551a76c\" data-element_type=\"widget\" data-widget_type=\"spacer.default\">\n\t\t\t\t<div class=\"elementor-widget-container\">\n\t\t\t\t\t<div class=\"elementor-spacer\">\n\t\t\t<div class=\"elementor-spacer-inner\"><\/div>\n\t\t<\/div>\n\t\t\t\t<\/div>\n\t\t\t\t<\/div>\n\t\t\t\t\t<\/div>\n\t\t<\/div>\n\t\t\t\t\t\t\t<\/div>\n\t\t<\/section>\n\t\t\t\t<section class=\"elementor-section elementor-top-section elementor-element elementor-element-14c4725 elementor-section-boxed elementor-section-height-default elementor-section-height-default\" data-id=\"14c4725\" data-element_type=\"section\" data-settings=\"{&quot;background_background&quot;:&quot;classic&quot;}\">\n\t\t\t\t\t\t<div class=\"elementor-container elementor-column-gap-default\">\n\t\t\t\t\t<div class=\"elementor-column elementor-col-100 elementor-top-column elementor-element elementor-element-53c8ee2\" data-id=\"53c8ee2\" data-element_type=\"column\">\n\t\t\t<div class=\"elementor-widget-wrap elementor-element-populated\">\n\t\t\t\t\t\t\t\t<div class=\"elementor-element elementor-element-058cfa2 elementor-widget elementor-widget-text-editor\" data-id=\"058cfa2\" data-element_type=\"widget\" data-widget_type=\"text-editor.default\">\n\t\t\t\t<div class=\"elementor-widget-container\">\n\t\t\t\t\t\t\t<p>Willkommen im HYDROGEN CENTER!<br \/><span class=\"VIiyi\" lang=\"de\"><span class=\"JLqJ4b ChMk0b\" data-language-for-alternatives=\"de\" data-language-to-translate-into=\"sl\" data-phrase-index=\"0\" data-number-of-phrases=\"1\"><span class=\"Q4iAWc\">Website<\/span><\/span><\/span>: <span style=\"color: #ffffff;\"><a style=\"color: #ffffff;\" href=\"https:\/\/b2b.h2greentech.eu\">b2b.h2greentech.eu<\/a><\/span><br \/>email: <span style=\"color: #ffffff;\"><a style=\"color: #ffffff;\" href=\"mailto:hydrogencenter@stajerskagz.si\">hydrogencenter@stajerskagz.si<\/a><\/span><\/p>\t\t\t\t\t\t<\/div>\n\t\t\t\t<\/div>\n\t\t\t\t\t<\/div>\n\t\t<\/div>\n\t\t\t\t\t\t\t<\/div>\n\t\t<\/section>\n\t\t\t\t\t\t\t<\/div>\n\t\t","protected":false},"excerpt":{"rendered":"<p>ZWECK DES GRENZ\u00dcBERSCHREITENDEN NETZES DES HYDROGEN CENTER Viele hochmoderne Forschungs- und Entwicklungseinrichtungen und Universit\u00e4ten sind in der grenz\u00fcberschreitenden Region Slowenien-\u00d6sterreich an der Entwicklung von Wasserstofftechnologien beteiligt, jedoch oft unzusammenh\u00e4ngend und fragmentiert. Um die Zusammenarbeit und Integration zu vertiefen und die kritische Masse an Kapazit\u00e4ten im Bereich Wasserstoff und Wasserstofftechnologien zu st\u00e4rken, wurde mit dem HYDROGEN &hellip;<\/p>\n<p class=\"read-more\"> <a class=\"\" href=\"https:\/\/b2b.h2greentech.eu\/de\/projektpraesentation\/\"> <span class=\"screen-reader-text\">Projektpr\u00e4sentation<\/span> Weiterlesen &raquo;<\/a><\/p>\n","protected":false},"author":1,"featured_media":0,"parent":0,"menu_order":0,"comment_status":"closed","ping_status":"closed","template":"","meta":{"_eb_attr":"","inline_featured_image":false,"site-sidebar-layout":"no-sidebar","site-content-layout":"page-builder","ast-global-header-display":"","ast-main-header-display":"","ast-hfb-above-header-display":"","ast-hfb-below-header-display":"","ast-hfb-mobile-header-display":"","site-post-title":"disabled","ast-breadcrumbs-content":"","ast-featured-img":"disabled","footer-sml-layout":"","theme-transparent-header-meta":"","adv-header-id-meta":"","stick-header-meta":"","header-above-stick-meta":"","header-main-stick-meta":"","header-below-stick-meta":"","footnotes":""},"class_list":["post-2544","page","type-page","status-publish","hentry"],"_links":{"self":[{"href":"https:\/\/b2b.h2greentech.eu\/de\/wp-json\/wp\/v2\/pages\/2544","targetHints":{"allow":["GET"]}}],"collection":[{"href":"https:\/\/b2b.h2greentech.eu\/de\/wp-json\/wp\/v2\/pages"}],"about":[{"href":"https:\/\/b2b.h2greentech.eu\/de\/wp-json\/wp\/v2\/types\/page"}],"author":[{"embeddable":true,"href":"https:\/\/b2b.h2greentech.eu\/de\/wp-json\/wp\/v2\/users\/1"}],"replies":[{"embeddable":true,"href":"https:\/\/b2b.h2greentech.eu\/de\/wp-json\/wp\/v2\/comments?post=2544"}],"version-history":[{"count":8,"href":"https:\/\/b2b.h2greentech.eu\/de\/wp-json\/wp\/v2\/pages\/2544\/revisions"}],"predecessor-version":[{"id":2553,"href":"https:\/\/b2b.h2greentech.eu\/de\/wp-json\/wp\/v2\/pages\/2544\/revisions\/2553"}],"wp:attachment":[{"href":"https:\/\/b2b.h2greentech.eu\/de\/wp-json\/wp\/v2\/media?parent=2544"}],"curies":[{"name":"wp","href":"https:\/\/api.w.org\/{rel}","templated":true}]}}